{"id":1586,"date":"2025-07-28T12:01:19","date_gmt":"2025-07-28T10:01:19","guid":{"rendered":"https:\/\/dorankis.lt\/?post_type=product&#038;p=1586"},"modified":"2025-07-31T16:42:13","modified_gmt":"2025-07-31T14:42:13","slug":"sviesos-reguliatorius-legrand-suno","status":"publish","type":"product","link":"https:\/\/dorankis.lt\/lt_lt\/produktas\/sviesos-reguliatorius-legrand-suno\/","title":{"rendered":"\u0160viesos reguliatorius, pasukamas, Legrand Suno"},"content":{"rendered":"<h2 data-start=\"115\" data-end=\"188\"><strong data-start=\"118\" data-end=\"188\">\u0160viesos reguliatorius \u2013 universalus sprendimas ap\u0161vietimo valdymui<\/strong><\/h2>\n<p data-start=\"190\" data-end=\"428\">\u0160is <strong data-start=\"194\" data-end=\"219\">\u0161viesos reguliatorius<\/strong> (dimeris) sukurtas patogiam ir efektyviam ap\u0161vietimo valdymui tiek buityje, tiek komercin\u0117se erdv\u0117se. Jis palaiko \u012fvairi\u0173 tip\u0173 lempas ir pasi\u017eymi i\u0161maniomis funkcijomis, u\u017etikrinan\u010diomis komfort\u0105 bei saugum\u0105.<\/p>\n<hr data-start=\"430\" data-end=\"433\" \/>\n<h3 data-start=\"435\" data-end=\"483\"><strong data-start=\"439\" data-end=\"483\">Pritaikytas \u012fvairiems \u0161viesos \u0161altiniams<\/strong><\/h3>\n<p data-start=\"485\" data-end=\"540\">Reguliatorius suderinamas su pla\u010diu ap\u0161vietimo spektru:<\/p>\n<ul data-start=\"542\" data-end=\"908\">\n<li data-start=\"542\" data-end=\"605\">\n<p data-start=\"544\" data-end=\"605\"><strong data-start=\"544\" data-end=\"572\">Reguliuojamos LED lempos<\/strong>: nuo 5 W iki 75 W (iki 10 lemp\u0173)<\/p>\n<\/li>\n<li data-start=\"606\" data-end=\"685\">\n<p data-start=\"608\" data-end=\"685\"><strong data-start=\"608\" data-end=\"652\">Kompaktin\u0117s fluorescencin\u0117s lempos (CFL)<\/strong>: nuo 5 W iki 75 W (iki 10 lemp\u0173)<\/p>\n<\/li>\n<li data-start=\"686\" data-end=\"785\">\n<p data-start=\"688\" data-end=\"785\"><strong data-start=\"688\" data-end=\"731\">Halogenin\u0117s lempos su transformatoriumi<\/strong> (feromagnetiniu ar elektroniniu): nuo 5 VA iki 300 VA<\/p>\n<\/li>\n<li data-start=\"786\" data-end=\"847\">\n<p data-start=\"788\" data-end=\"847\"><strong data-start=\"788\" data-end=\"826\">Liuminescencin\u0117s lempos su balastu<\/strong>: nuo 5 VA iki 300 VA<\/p>\n<\/li>\n<li data-start=\"848\" data-end=\"908\">\n<p data-start=\"850\" data-end=\"908\"><strong data-start=\"850\" data-end=\"889\">Kaitrin\u0117s lempos ir 240 V halogenas<\/strong>: nuo 5 W iki 300 W<\/p>\n<\/li>\n<\/ul>\n<hr data-start=\"910\" data-end=\"913\" \/>\n<h3 data-start=\"915\" data-end=\"949\"><strong data-start=\"919\" data-end=\"949\">I\u0161manios valdymo funkcijos<\/strong><\/h3>\n<ul data-start=\"951\" data-end=\"1376\">\n<li data-start=\"951\" data-end=\"1060\">\n<p data-start=\"953\" data-end=\"1060\"><strong data-start=\"953\" data-end=\"975\">Atminties funkcija<\/strong>: \u012fsijungia tuo pa\u010diu ry\u0161kumo lygiu, kuris buvo nustatytas prie\u0161 paskutin\u012f i\u0161jungim\u0105.<\/p>\n<\/li>\n<li data-start=\"1061\" data-end=\"1206\">\n<p data-start=\"1063\" data-end=\"1206\"><strong data-start=\"1063\" data-end=\"1087\">Mink\u0161tas \u012fsijungimas<\/strong>: ap\u0161vietimas \u012fsijungia palaipsniui per 2 sekundes \u2013 tai ne tik patogu, bet ir padeda prailginti lemp\u0173 tarnavimo laik\u0105.<\/p>\n<\/li>\n<li data-start=\"1207\" data-end=\"1376\">\n<p data-start=\"1209\" data-end=\"1376\"><strong data-start=\"1209\" data-end=\"1232\">Nuotolinis valdymas<\/strong>: galima prijungti ne\u0161vie\u010dian\u010dius mygtukus (pvz., 7 211 09 Legrand), kurie leis atlikti ON\/OFF ir \u0161viesos reguliavimo funkcijas i\u0161 keli\u0173 viet\u0173.<\/p>\n<\/li>\n<\/ul>\n<hr data-start=\"1378\" data-end=\"1381\" \/>\n<h3 data-start=\"1383\" data-end=\"1423\"><strong data-start=\"1387\" data-end=\"1423\">Paprastas montavimas ir saugumas<\/strong><\/h3>\n<ul data-start=\"1425\" data-end=\"1767\">\n<li data-start=\"1425\" data-end=\"1498\">\n<p data-start=\"1427\" data-end=\"1498\"><strong data-start=\"1427\" data-end=\"1450\">Pasukamas valdiklis<\/strong> \u2013 intuityvus naudojimas be sud\u0117ting\u0173 nustatym\u0173.<\/p>\n<\/li>\n<li data-start=\"1499\" data-end=\"1580\">\n<p data-start=\"1501\" data-end=\"1580\"><strong data-start=\"1501\" data-end=\"1529\">Veikia be neutralo laido<\/strong>, tod\u0117l lengvai pritaikomas esamose instaliacijose.<\/p>\n<\/li>\n<li data-start=\"1581\" data-end=\"1710\">\n<p data-start=\"1583\" data-end=\"1710\"><strong data-start=\"1583\" data-end=\"1631\">Saugikliai nuo vir\u0161\u012ftampi\u0173 ir trumpo jungimo<\/strong> u\u017etikrina ilgalaik\u012f veikim\u0105 ir apsaug\u0105 tiek \u012frenginiui, tiek elektros tinklui.<\/p>\n<\/li>\n<li data-start=\"1711\" data-end=\"1767\">\n<p data-start=\"1713\" data-end=\"1767\"><strong data-start=\"1713\" data-end=\"1735\">Var\u017etiniai gnybtai<\/strong> \u2013 patikimas jung\u010di\u0173 sprendimas.<\/p>\n<\/li>\n<\/ul>\n<hr data-start=\"1769\" data-end=\"1772\" \/>\n<h3 data-start=\"1774\" data-end=\"1801\"><strong data-start=\"1778\" data-end=\"1801\">Techniniai duomenys<\/strong><\/h3>\n<ul data-start=\"1803\" data-end=\"2004\">\n<li data-start=\"1803\" data-end=\"1830\">\n<p data-start=\"1805\" data-end=\"1830\">\u012etampa: 240 V AC, 50 Hz<\/p>\n<\/li>\n<li data-start=\"1831\" data-end=\"1858\">\n<p data-start=\"1833\" data-end=\"1858\">Maksimali galia: 300 VA<\/p>\n<\/li>\n<li data-start=\"1859\" data-end=\"1884\">\n<p data-start=\"1861\" data-end=\"1884\">Minimali apkrova: 5 W<\/p>\n<\/li>\n<li data-start=\"1885\" data-end=\"1950\">\n<p data-start=\"1887\" data-end=\"1950\">Suderinamas su: LED, CFL, halogenin\u0117mis, kaitrin\u0117mis lempomis<\/p>\n<\/li>\n<li data-start=\"1951\" data-end=\"2004\">\n<p data-start=\"1953\" data-end=\"2004\">Valdymas: pasukamas + galimyb\u0117 nuotoliniam valdymui<\/p>\n<\/li>\n<\/ul>\n<hr data-start=\"2006\" data-end=\"2009\" \/>\n<h3 data-start=\"2011\" data-end=\"2063\"><strong data-start=\"2015\" data-end=\"2063\">Kod\u0117l verta rinktis \u0161\u012f \u0161viesos reguliatori\u0173?<\/strong><\/h3>\n<p data-start=\"2065\" data-end=\"2291\">\u0160is \u0161viesos reguliatorius \u2013 tai patikimas, universalus ir saugus sprendimas \u012fvairi\u0173 tip\u0173 ap\u0161vietimui. Jis ne tik pagerins j\u016bs\u0173 nam\u0173 ar biuro komfort\u0105, bet ir pad\u0117s taupyti elektros energij\u0105 bei pailginti lemp\u0173 tarnavimo laik\u0105.<\/p>\n<p data-start=\"2065\" data-end=\"2291\">\n<hr data-start=\"419\" data-end=\"422\" \/>\n<p>Daugiau \u0161ios serijos produkt\u0173 kataloge:<\/p>\n<p><a href=\"https:\/\/dorankis.lt\/wp-content\/uploads\/2025\/07\/PRINT-EXB21072_SUNO_BrochureB2B2C_EN_0.pdf\" target=\"_blank\" rel=\"noopener\"><strong>Legrand Suno<\/strong><\/a><\/p>\n<p>&nbsp;<\/p>\n<p><a href=\"https:\/\/www.legrand.lt\/lt\" target=\"_blank\" rel=\"noopener\">Legrand gamintojo naujienos<\/a><\/p>\n<p data-start=\"2065\" data-end=\"2291\">\n","protected":false},"excerpt":{"rendered":"<p>\u0160viesos reguliatorius \u2013 universalus sprendimas ap\u0161vietimo valdymui \u0160is \u0161viesos reguliatorius (dimeris) sukurtas patogiam ir efektyviam ap\u0161vietimo valdymui tiek buityje, tiek komercin\u0117se erdv\u0117se. Jis palaiko \u012fvairi\u0173 tip\u0173 lempas ir pasi\u017eymi i\u0161maniomis funkcijomis, u\u017etikrinan\u010diomis komfort\u0105 bei saugum\u0105. Pritaikytas \u012fvairiems \u0161viesos \u0161altiniams Reguliatorius suderinamas su pla\u010diu ap\u0161vietimo spektru: Reguliuojamos LED lempos: nuo 5 W iki 75 W (iki [&hellip;]<\/p>\n","protected":false},"featured_media":1591,"comment_status":"open","ping_status":"closed","template":"","meta":[],"product_brand":[32,52],"product_cat":[48,31],"product_tag":[],"class_list":{"0":"post-1586","1":"product","2":"type-product","3":"status-publish","4":"has-post-thumbnail","6":"product_brand-legrand","7":"product_brand-legrand-suno","8":"product_cat-potinkiniai","9":"product_cat-jungikliai-ir-kistukiniai-lizdai","10":"product_shipping_class-lengva-preke","12":"first","13":"onbackorder","14":"taxable","15":"shipping-taxable","16":"purchasable","17":"product-type-variable"},"_links":{"self":[{"href":"https:\/\/dorankis.lt\/lt_lt\/wp-json\/wp\/v2\/product\/1586","targetHints":{"allow":["GET"]}}],"collection":[{"href":"https:\/\/dorankis.lt\/lt_lt\/wp-json\/wp\/v2\/product"}],"about":[{"href":"https:\/\/dorankis.lt\/lt_lt\/wp-json\/wp\/v2\/types\/product"}],"replies":[{"embeddable":true,"href":"https:\/\/dorankis.lt\/lt_lt\/wp-json\/wp\/v2\/comments?post=1586"}],"wp:featuredmedia":[{"embeddable":true,"href":"https:\/\/dorankis.lt\/lt_lt\/wp-json\/wp\/v2\/media\/1591"}],"wp:attachment":[{"href":"https:\/\/dorankis.lt\/lt_lt\/wp-json\/wp\/v2\/media?parent=1586"}],"wp:term":[{"taxonomy":"product_brand","embeddable":true,"href":"https:\/\/dorankis.lt\/lt_lt\/wp-json\/wp\/v2\/product_brand?post=1586"},{"taxonomy":"product_cat","embeddable":true,"href":"https:\/\/dorankis.lt\/lt_lt\/wp-json\/wp\/v2\/product_cat?post=1586"},{"taxonomy":"product_tag","embeddable":true,"href":"https:\/\/dorankis.lt\/lt_lt\/wp-json\/wp\/v2\/product_tag?post=1586"}],"curies":[{"name":"wp","href":"https:\/\/api.w.org\/{rel}","templated":true}]}}