{"id":1136,"date":"2025-07-10T18:45:57","date_gmt":"2025-07-10T16:45:57","guid":{"rendered":"https:\/\/dorankis.lt\/?post_type=product&#038;p=1136"},"modified":"2025-07-31T16:43:17","modified_gmt":"2025-07-31T14:43:17","slug":"kistukinis-lizdas-ip44-potinkinis","status":"publish","type":"product","link":"https:\/\/dorankis.lt\/lt_lt\/produktas\/kistukinis-lizdas-ip44-potinkinis\/","title":{"rendered":"Ki\u0161tukinis lizdas IP44 Legrand Suno, potinkinis, be r\u0117melio"},"content":{"rendered":"<h3>Ki\u0161tukinis lizdas IP44 &#8211; Legrand Suno<\/h3>\n<p>Savybes: potinkinis, 2P+\u017d, 16A 250VAC, IP20, su u\u017euolaid\u0117l\u0117mis, be r\u0117melio<\/p>\n<p>Galimos spalvos:<\/p>\n<ul>\n<li>baltas,<\/li>\n<li>juodas,<\/li>\n<li>dramblio kaulo.<\/li>\n<\/ul>\n<p data-start=\"96\" data-end=\"296\">Ie\u0161kote sprendimo, kuris b\u016bt\u0173 ir patogus, ir patikimas? \u0160is produktas turi automati\u0161kai fiksuojamus gnybtus \u2013 montavimas greitas, be vargo, o kontaktai laikys tvirtai net po daugelio met\u0173 naudojimo.<\/p>\n<p data-start=\"298\" data-end=\"529\">Pamir\u0161kite var\u017etus ir bereikaling\u0105 sukin\u0117jim\u0105 \u2013 taupykite laik\u0105 ir nervus!<br data-start=\"372\" data-end=\"375\" \/>Legrand <strong data-start=\"383\" data-end=\"391\">SUNO<\/strong> \u2013 tai kokyb\u0117 u\u017e draugi\u0161k\u0105 kain\u0105. Kasdien naudojamas daiktas turi b\u016bti patikimas, tod\u0117l verta rinktis tai, kas pasiteisina daugyb\u0117je nam\u0173.<\/p>\n<p data-start=\"298\" data-end=\"529\"><strong data-start=\"1091\" data-end=\"1153\">IP44 klas\u0117 u\u017etikrina vidutin\u012f atsparum\u0105 dulk\u0117ms ir dr\u0117gmei<\/strong>, tod\u0117l ji tinka naudoti aplinkose, kur yra pavojus, kad prietaisas bus paveiktas vandens pursl\u0173 ar smulki\u0173 daleli\u0173.<\/p>\n<p>Daugiau \u0161ios serijos produkt\u0173 kataloge:<\/p>\n<p><a href=\"https:\/\/dorankis.lt\/wp-content\/uploads\/2025\/07\/PRINT-EXB21072_SUNO_BrochureB2B2C_EN_0.pdf\" target=\"_blank\" rel=\"noopener\"><strong>Legrand Suno<\/strong><\/a><\/p>\n","protected":false},"excerpt":{"rendered":"<p>Ki\u0161tukinis lizdas IP44 &#8211; Legrand Suno Savybes: potinkinis, 2P+\u017d, 16A 250VAC, IP20, su u\u017euolaid\u0117l\u0117mis, be r\u0117melio Galimos spalvos: baltas, juodas, dramblio kaulo. Ie\u0161kote sprendimo, kuris b\u016bt\u0173 ir patogus, ir patikimas? \u0160is produktas turi automati\u0161kai fiksuojamus gnybtus \u2013 montavimas greitas, be vargo, o kontaktai laikys tvirtai net po daugelio met\u0173 naudojimo. Pamir\u0161kite var\u017etus ir bereikaling\u0105 sukin\u0117jim\u0105 [&hellip;]<\/p>\n","protected":false},"featured_media":1137,"comment_status":"open","ping_status":"closed","template":"","meta":[],"product_brand":[32,52],"product_cat":[31,48],"product_tag":[],"class_list":{"0":"post-1136","1":"product","2":"type-product","3":"status-publish","4":"has-post-thumbnail","6":"product_brand-legrand","7":"product_brand-legrand-suno","8":"product_cat-jungikliai-ir-kistukiniai-lizdai","9":"product_cat-potinkiniai","10":"product_shipping_class-lengva-preke","12":"first","13":"onbackorder","14":"taxable","15":"shipping-taxable","16":"purchasable","17":"product-type-variable"},"_links":{"self":[{"href":"https:\/\/dorankis.lt\/lt_lt\/wp-json\/wp\/v2\/product\/1136","targetHints":{"allow":["GET"]}}],"collection":[{"href":"https:\/\/dorankis.lt\/lt_lt\/wp-json\/wp\/v2\/product"}],"about":[{"href":"https:\/\/dorankis.lt\/lt_lt\/wp-json\/wp\/v2\/types\/product"}],"replies":[{"embeddable":true,"href":"https:\/\/dorankis.lt\/lt_lt\/wp-json\/wp\/v2\/comments?post=1136"}],"wp:featuredmedia":[{"embeddable":true,"href":"https:\/\/dorankis.lt\/lt_lt\/wp-json\/wp\/v2\/media\/1137"}],"wp:attachment":[{"href":"https:\/\/dorankis.lt\/lt_lt\/wp-json\/wp\/v2\/media?parent=1136"}],"wp:term":[{"taxonomy":"product_brand","embeddable":true,"href":"https:\/\/dorankis.lt\/lt_lt\/wp-json\/wp\/v2\/product_brand?post=1136"},{"taxonomy":"product_cat","embeddable":true,"href":"https:\/\/dorankis.lt\/lt_lt\/wp-json\/wp\/v2\/product_cat?post=1136"},{"taxonomy":"product_tag","embeddable":true,"href":"https:\/\/dorankis.lt\/lt_lt\/wp-json\/wp\/v2\/product_tag?post=1136"}],"curies":[{"name":"wp","href":"https:\/\/api.w.org\/{rel}","templated":true}]}}