{"id":1072,"date":"2025-07-09T18:31:54","date_gmt":"2025-07-09T16:31:54","guid":{"rendered":"https:\/\/dorankis.lt\/?post_type=product&#038;p=1072"},"modified":"2025-07-31T16:44:15","modified_gmt":"2025-07-31T14:44:15","slug":"remelis-4-gubas-legrand-suno","status":"publish","type":"product","link":"https:\/\/dorankis.lt\/lt_lt\/produktas\/remelis-4-gubas-legrand-suno\/","title":{"rendered":"R\u0117melis, 4-gubas, Legrand Suno"},"content":{"rendered":"<h3>R\u0117melis Legrand Suno<\/h3>\n<p>4-gubas (4-viet\u0173) r\u0117melis<\/p>\n<p>Galimos spalvos:<\/p>\n<ul>\n<li>Baltas<\/li>\n<li>Juodas<\/li>\n<li>Sidabrinis<\/li>\n<li>Dramblio kaulo<\/li>\n<\/ul>\n<p>Daugiau \u0161ios serijos produkt\u0173 kataloge:<\/p>\n<p><a href=\"https:\/\/dorankis.lt\/wp-content\/uploads\/2025\/07\/PRINT-EXB21072_SUNO_BrochureB2B2C_EN_0.pdf\" target=\"_blank\" rel=\"noopener\"><strong>Legrand Suno<\/strong><\/a><\/p>\n","protected":false},"excerpt":{"rendered":"<p>R\u0117melis Legrand Suno 4-gubas (4-viet\u0173) r\u0117melis Galimos spalvos: Baltas Juodas Sidabrinis Dramblio kaulo Daugiau \u0161ios serijos produkt\u0173 kataloge: Legrand Suno<\/p>\n","protected":false},"featured_media":1077,"comment_status":"open","ping_status":"closed","template":"","meta":[],"product_brand":[32,52],"product_cat":[35,31],"product_tag":[],"class_list":{"0":"post-1072","1":"product","2":"type-product","3":"status-publish","4":"has-post-thumbnail","6":"product_brand-legrand","7":"product_brand-legrand-suno","8":"product_cat-remeliai-ir-priedai","9":"product_cat-jungikliai-ir-kistukiniai-lizdai","10":"product_shipping_class-lengva-preke","12":"first","13":"onbackorder","14":"taxable","15":"shipping-taxable","16":"purchasable","17":"product-type-variable"},"_links":{"self":[{"href":"https:\/\/dorankis.lt\/lt_lt\/wp-json\/wp\/v2\/product\/1072","targetHints":{"allow":["GET"]}}],"collection":[{"href":"https:\/\/dorankis.lt\/lt_lt\/wp-json\/wp\/v2\/product"}],"about":[{"href":"https:\/\/dorankis.lt\/lt_lt\/wp-json\/wp\/v2\/types\/product"}],"replies":[{"embeddable":true,"href":"https:\/\/dorankis.lt\/lt_lt\/wp-json\/wp\/v2\/comments?post=1072"}],"wp:featuredmedia":[{"embeddable":true,"href":"https:\/\/dorankis.lt\/lt_lt\/wp-json\/wp\/v2\/media\/1077"}],"wp:attachment":[{"href":"https:\/\/dorankis.lt\/lt_lt\/wp-json\/wp\/v2\/media?parent=1072"}],"wp:term":[{"taxonomy":"product_brand","embeddable":true,"href":"https:\/\/dorankis.lt\/lt_lt\/wp-json\/wp\/v2\/product_brand?post=1072"},{"taxonomy":"product_cat","embeddable":true,"href":"https:\/\/dorankis.lt\/lt_lt\/wp-json\/wp\/v2\/product_cat?post=1072"},{"taxonomy":"product_tag","embeddable":true,"href":"https:\/\/dorankis.lt\/lt_lt\/wp-json\/wp\/v2\/product_tag?post=1072"}],"curies":[{"name":"wp","href":"https:\/\/api.w.org\/{rel}","templated":true}]}}