{"id":5,"date":"2025-01-23T19:38:30","date_gmt":"2025-01-23T19:38:30","guid":{"rendered":"https:\/\/dorankis.lt\/paslaugos\/"},"modified":"2025-09-24T19:10:28","modified_gmt":"2025-09-24T17:10:28","slug":"ismanus-apsvietimo-jungtukai","status":"publish","type":"page","link":"https:\/\/dorankis.lt\/lt_lt\/ismanus-apsvietimo-jungtukai\/","title":{"rendered":"Produktai"},"content":{"rendered":"\n<div class=\"wp-block-group alignfull hostinger-ai-solid-block hostinger-ai-fade-up has-color-1-background-color has-background has-global-padding is-layout-constrained wp-block-group-is-layout-constrained\" data-aos=\"fade-up\" style=\"padding-top:var(--wp--preset--spacing--60);padding-bottom:var(--wp--preset--spacing--60)\">\n<div class=\"wp-block-group alignwide hostinger-ai-fade-up is-vertical is-content-justification-center is-nowrap is-layout-flex wp-container-core-group-is-layout-4cc6ee0a wp-block-group-is-layout-flex\" data-aos=\"fade-up\" style=\"min-height:0px;padding-top:0;padding-bottom:0\">\n<div class=\"wp-block-group hostinger-ai-fade-up has-prompt-font-family wp-container-content-69bc4bdf has-global-padding is-content-justification-center is-layout-constrained wp-container-core-group-is-layout-78267832 wp-block-group-is-layout-constrained\" data-aos=\"fade-up\">\n<p class=\"has-text-align-center has-prompt-font-family\" style=\"font-size:clamp(18.959px, 1.185rem + ((1vw - 3.2px) * 1.345), 30px);\">M\u016bsu rekomenduojami produktai<\/p>\n\n\n\n<div class=\"wp-block-rank-math-toc-block\" id=\"rank-math-toc\"><h2>Produkt\u0173 turinys<\/h2><nav><ul><li class=\"\"><a href=\"#ensto-apsaugos-nuo-salcio-sprendimai\">Ensto &#8211; apsaugos nuo \u0161al\u010dio sprendimai<\/a><ul><li class=\"\"><a href=\"#ensto-sprendimai-nuo-uzsalimo\ufffc\">Ensto &#8211; sprendimai nuo u\u017e\u0161alimo\ufffc<\/a><\/li><\/ul><\/li><li class=\"\"><a href=\"#ismanus-apsvietimo-jungtukai\">I\u0161man\u016bs ap\u0161vietimo jungtukai<\/a><ul><li class=\"\"><a href=\"#legrand-kokybiski-jungikliai-ir-rozetes-\ufffc\">LEGRAND &#8211; kokybi\u0161ki jungikliai ir rozet\u0117s!\ufffc<\/a><\/li><\/ul><\/li><li class=\"\"><a href=\"#dirbtuviu-iranga-ir-irankiai\">Dirbtuvi\u0173 \u012franga ir \u012frankiai<\/a><\/li><li class=\"\"><a href=\"#beta-tools-profesionali-italiska-dirbtuviu-iranga-ir-irankiai-\ufffc\">Beta Tools &#8211; profesionali itali\u0161ka dirbtuvi\u0173 \u012franga ir \u012frankiai!\ufffc<\/a><\/li><li class=\"\"><a href=\"#energijos-saltiniai\">Instagrid energijos \u0161altiniai<\/a><ul><li class=\"\"><a href=\"#instagrid-one-nesiojama-baterija-visur-ir-visada-\ufffc\">Instagrid One- ne\u0161iojama baterija visur ir visada!\ufffc<\/a><\/li><li class=\"\"><a href=\"#naujiena-instagrid-go-resq\">Naujiena Instagrid GO RESQ<\/a><\/li><li class=\"\"><a href=\"#instagrid-link-nepertraukiamos-elektros-energijos-sistema-\ufffc\">Instagrid Link &#8211; nepertraukiamos elektros energijos sistema!\ufffc<\/a><\/li><\/ul><\/li><\/ul><\/nav><\/div>\n<\/div>\n<\/div>\n<\/div>\n\n\n\n<hr class=\"wp-block-separator has-alpha-channel-opacity\"\/>\n\n\n\n<div class=\"wp-block-group alignfull hostinger-ai-solid-block hostinger-ai-fade-up has-color-1-background-color has-background has-global-padding is-layout-constrained wp-block-group-is-layout-constrained\" data-aos=\"fade-up\" style=\"padding-top:var(--wp--preset--spacing--60);padding-bottom:var(--wp--preset--spacing--60)\">\n<div class=\"wp-block-group alignwide hostinger-ai-fade-up is-vertical is-content-justification-center is-nowrap is-layout-flex wp-container-core-group-is-layout-4cc6ee0a wp-block-group-is-layout-flex\" data-aos=\"fade-up\" style=\"min-height:0px;padding-top:0;padding-bottom:0\">\n<div class=\"wp-block-group hostinger-ai-fade-up wp-container-content-69bc4bdf has-global-padding is-content-justification-center is-layout-constrained wp-container-core-group-is-layout-78267832 wp-block-group-is-layout-constrained\" data-aos=\"fade-up\">\n<h2 class=\"wp-block-heading has-text-align-center has-prompt-font-family\" id=\"ensto-apsaugos-nuo-salcio-sprendimai\" style=\"font-size:clamp(21.027px, 1.314rem + ((1vw - 3.2px) * 1.58), 34px);\">Ensto &#8211; apsaugos nuo \u0161al\u010dio sprendimai<\/h2>\n<\/div>\n<\/div>\n<\/div>\n\n\n\n<div class=\"wp-block-group alignfull hostinger-ai-our-services-2 hostinger-ai-fade-up has-light-background-color has-background is-layout-flow wp-block-group-is-layout-flow\" data-aos=\"fade-up\" style=\"margin-top:var(--wp--preset--spacing--20);margin-bottom:0;padding-top:var(--wp--preset--spacing--50);padding-right:var(--wp--preset--spacing--60);padding-bottom:var(--wp--preset--spacing--50);padding-left:var(--wp--preset--spacing--70)\">\n<div class=\"wp-block-columns is-layout-flex wp-container-core-columns-is-layout-28f84493 wp-block-columns-is-layout-flex\">\n<div class=\"wp-block-column is-layout-flow wp-block-column-is-layout-flow\" style=\"padding-right:0;padding-left:0\">\n<h3 class=\"wp-block-heading has-prompt-font-family\" id=\"ensto-sprendimai-nuo-uzsalimo\ufffc\">Ensto &#8211; sprendimai nuo u\u017e\u0161alimo<font _mstmutation=\"1\"><\/font><\/h3>\n\n\n\n<p class=\"has-text-align-left has-prompt-font-family\">ENSTO Frost Protection sprendimai patikimais ir efektyviais \u0161ildymo kabeliais apsaugo j\u016bs\u0173 turt\u0105 nuo \u0161al\u010dio poveikio. Tai lengvas, patikimas ir ekonomi\u0161kas b\u016bdas i\u0161vengti \u017eiemos problem\u0173: u\u017e\u0161alusi\u0173 vamzd\u017ei\u0173, slid\u017ei\u0173 laipt\u0173 ar stog\u0173.<\/p>\n\n\n\n<p class=\"has-prompt-font-family\"><strong><a href=\"https:\/\/dorankis.lt\/ensto-produktai\/\" data-type=\"page\" data-id=\"2543\">Ensto Building Systems sprendimai<\/a><\/strong><\/p>\n<\/div>\n\n\n\n<div class=\"wp-block-column is-vertically-aligned-center is-layout-flow wp-block-column-is-layout-flow\">\n<figure class=\"wp-block-image size-full is-resized\"><a href=\"https:\/\/dorankis.lt\/lt_lt\/ensto-produktai\/\"><img decoding=\"async\" width=\"228\" height=\"98\" src=\"https:\/\/dorankis.lt\/wp-content\/uploads\/2025\/09\/ensto.jpg\" alt=\"\" class=\"wp-image-2560\" style=\"width:270px\" srcset=\"https:\/\/dorankis.lt\/wp-content\/uploads\/2025\/09\/ensto.jpg 228w, https:\/\/dorankis.lt\/wp-content\/uploads\/2025\/09\/ensto-18x8.jpg 18w\" sizes=\"(max-width: 228px) 100vw, 228px\" \/><\/a><\/figure>\n<\/div>\n<\/div>\n<\/div>\n\n\n\n<div class=\"wp-block-group alignfull hostinger-ai-solid-block hostinger-ai-fade-up has-color-1-background-color has-background has-global-padding is-layout-constrained wp-block-group-is-layout-constrained\" data-aos=\"fade-up\" style=\"padding-top:var(--wp--preset--spacing--60);padding-bottom:var(--wp--preset--spacing--60)\">\n<div class=\"wp-block-group alignwide hostinger-ai-fade-up is-vertical is-content-justification-center is-nowrap is-layout-flex wp-container-core-group-is-layout-d8acfc6d wp-block-group-is-layout-flex\" data-aos=\"fade-up\" style=\"min-height:0px;padding-top:0;padding-bottom:0\">\n<div class=\"wp-block-group hostinger-ai-fade-up wp-container-content-69bc4bdf has-global-padding is-content-justification-center is-layout-constrained wp-container-core-group-is-layout-78267832 wp-block-group-is-layout-constrained\" data-aos=\"fade-up\">\n<h2 class=\"wp-block-heading has-text-align-center has-prompt-font-family has-x-large-font-size\" id=\"ismanus-apsvietimo-jungtukai\">I\u0161man\u016bs ap\u0161vietimo jungtukai<\/h2>\n<\/div>\n<\/div>\n<\/div>\n\n\n\n<div class=\"wp-block-group alignfull hostinger-ai-our-services-2 hostinger-ai-fade-up has-light-background-color has-background is-layout-flow wp-block-group-is-layout-flow\" data-aos=\"fade-up\" style=\"margin-bottom:0;padding-top:var(--wp--preset--spacing--60);padding-right:var(--wp--preset--spacing--50);padding-bottom:var(--wp--preset--spacing--50);padding-left:var(--wp--preset--spacing--70)\">\n<div class=\"wp-block-columns is-layout-flex wp-container-core-columns-is-layout-28f84493 wp-block-columns-is-layout-flex\">\n<div class=\"wp-block-column is-layout-flow wp-block-column-is-layout-flow\" style=\"padding-right:0;padding-left:0\">\n<h3 class=\"wp-block-heading has-prompt-font-family\" id=\"legrand-kokybiski-jungikliai-ir-rozetes-\ufffc\">LEGRAND &#8211; kokybi\u0161ki jungikliai ir rozet\u0117s!<font _mstmutation=\"1\"><\/font><\/h3>\n\n\n\n<p class=\"has-text-align-left has-prompt-font-family\"><strong>Legrand <\/strong>produktai, tai geriausios kainos ir kokyb\u0117s sprendimas namams ar ofisui.<\/p>\n\n\n\n<p class=\"has-prompt-font-family\"><a href=\"https:\/\/dorankis.lt\/wp-admin\/post.php?post=2566&amp;action=edit#\/\">Daugiau apie i\u0161skirtinius jungikli\u0173 dizainus<\/a><\/p>\n<\/div>\n\n\n\n<div class=\"wp-block-column is-layout-flow wp-block-column-is-layout-flow\">\n<figure class=\"wp-block-image size-full is-resized\"><a href=\"https:\/\/dorankis.lt\/wp-admin\/post.php?post=2566&amp;action=edit#\/\"><img decoding=\"async\" width=\"720\" height=\"332\" src=\"https:\/\/dorankis.lt\/wp-content\/uploads\/2025\/07\/legrand-logo-legrand-720x332px.png\" alt=\"I\u0161man\u016bs ap\u0161vietimo jungtukai - Legrand\" class=\"wp-image-1021\" style=\"width:270px\" srcset=\"https:\/\/dorankis.lt\/wp-content\/uploads\/2025\/07\/legrand-logo-legrand-720x332px.png 720w, https:\/\/dorankis.lt\/wp-content\/uploads\/2025\/07\/legrand-logo-legrand-720x332px-600x277.png 600w, https:\/\/dorankis.lt\/wp-content\/uploads\/2025\/07\/legrand-logo-legrand-720x332px-300x138.png 300w\" sizes=\"(max-width: 720px) 100vw, 720px\" \/><\/a><\/figure>\n<\/div>\n<\/div>\n<\/div>\n\n\n\n<div class=\"wp-block-group alignfull hostinger-ai-solid-block hostinger-ai-fade-up has-color-1-background-color has-background has-global-padding is-layout-constrained wp-block-group-is-layout-constrained\" data-aos=\"fade-up\" style=\"padding-top:var(--wp--preset--spacing--60);padding-bottom:var(--wp--preset--spacing--60)\">\n<div class=\"wp-block-group alignwide hostinger-ai-fade-up is-vertical is-content-justification-center is-nowrap is-layout-flex wp-container-core-group-is-layout-4cc6ee0a wp-block-group-is-layout-flex\" data-aos=\"fade-up\" style=\"min-height:0px;padding-top:0;padding-bottom:0\">\n<div class=\"wp-block-group hostinger-ai-fade-up wp-container-content-69bc4bdf has-global-padding is-content-justification-center is-layout-constrained wp-container-core-group-is-layout-78267832 wp-block-group-is-layout-constrained\" data-aos=\"fade-up\">\n<h2 class=\"wp-block-heading has-text-align-center has-prompt-font-family has-x-large-font-size\" id=\"dirbtuviu-iranga-ir-irankiai\">Dirbtuvi\u0173 \u012franga ir \u012frankiai<\/h2>\n<\/div>\n<\/div>\n<\/div>\n\n\n\n<div class=\"wp-block-group alignfull hostinger-ai-our-services-2 hostinger-ai-fade-up has-light-background-color has-background is-layout-flow wp-block-group-is-layout-flow\" data-aos=\"fade-up\" style=\"margin-bottom:0;padding-top:var(--wp--preset--spacing--50);padding-right:var(--wp--preset--spacing--50);padding-bottom:var(--wp--preset--spacing--50);padding-left:var(--wp--preset--spacing--50)\">\n<div class=\"wp-block-columns is-layout-flex wp-container-core-columns-is-layout-28f84493 wp-block-columns-is-layout-flex\">\n<div class=\"wp-block-column is-layout-flow wp-block-column-is-layout-flow\" style=\"padding-right:0;padding-left:0\">\n<h2 class=\"wp-block-heading has-prompt-font-family\" id=\"beta-tools-profesionali-italiska-dirbtuviu-iranga-ir-irankiai-\ufffc\">Beta Tools &#8211; profesionali itali\u0161ka dirbtuvi\u0173 \u012franga ir \u012frankiai!<font _mstmutation=\"1\"><\/font><\/h2>\n\n\n\n<p class=\"has-prompt-font-family\"><strong>Beta Tools<\/strong> \u2013 tai auk\u0161\u010diausios kokyb\u0117s profesional\u016bs \u012frankiai ir dirbtuvi\u0173 \u012franga, sukurta patenkinti tiek kasdienius serviso poreikius, tiek auk\u0161\u010diausio lygio meistr\u0173 l\u016bkes\u010dius. \u0160ie \u012frankiai pasi\u017eymi ilgaam\u017ei\u0161kumu, precizi\u0161kumu ir ergonomi\u0161ku dizainu, tod\u0117l jie yra nepakei\u010diami \u012fvairiose srityse \u2013 nuo automobili\u0173 remonto dirbtuvi\u0173 iki profesionali\u0173 sporto komand\u0173 dirbtuvi\u0173.<\/p>\n\n\n\n<p class=\"has-prompt-font-family has-large-font-size\"><strong><a href=\"https:\/\/dorankis.lt\/dirbtuviu-iranga-ir-darbo-irankiai\/\">Daugiau apie Beta \u012frankius.<\/a><\/strong><\/p>\n<\/div>\n\n\n\n<div class=\"wp-block-column is-vertically-aligned-center is-layout-flow wp-block-column-is-layout-flow\">\n<figure class=\"wp-block-image size-full is-resized\"><a href=\"https:\/\/dorankis.lt\/dirbtuviu-iranga-ir-darbo-irankiai\/\"><img decoding=\"async\" width=\"500\" height=\"300\" src=\"https:\/\/dorankis.lt\/wp-content\/uploads\/2025\/02\/beta.png\" alt=\"Beta \u012frankiai\" class=\"wp-image-398\" style=\"width:300px\" srcset=\"https:\/\/dorankis.lt\/wp-content\/uploads\/2025\/02\/beta.png 500w, https:\/\/dorankis.lt\/wp-content\/uploads\/2025\/02\/beta-416x250.png 416w, https:\/\/dorankis.lt\/wp-content\/uploads\/2025\/02\/beta-300x180.png 300w\" sizes=\"(max-width: 500px) 100vw, 500px\" \/><\/a><\/figure>\n<\/div>\n<\/div>\n<\/div>\n\n\n\n<div class=\"wp-block-group alignfull hostinger-ai-solid-block hostinger-ai-fade-up has-color-1-background-color has-background has-global-padding is-layout-constrained wp-block-group-is-layout-constrained\" data-aos=\"fade-up\" style=\"padding-top:var(--wp--preset--spacing--60);padding-bottom:var(--wp--preset--spacing--60)\">\n<div class=\"wp-block-group alignwide hostinger-ai-fade-up is-vertical is-content-justification-center is-nowrap is-layout-flex wp-container-core-group-is-layout-4cc6ee0a wp-block-group-is-layout-flex\" data-aos=\"fade-up\" style=\"min-height:0px;padding-top:0;padding-bottom:0\">\n<div class=\"wp-block-group hostinger-ai-fade-up wp-container-content-69bc4bdf has-global-padding is-content-justification-center is-layout-constrained wp-container-core-group-is-layout-78267832 wp-block-group-is-layout-constrained\" data-aos=\"fade-up\">\n<h2 class=\"wp-block-heading has-prompt-font-family has-x-large-font-size\" id=\"energijos-saltiniai\">Instagrid energijos \u0161altiniai<\/h2>\n<\/div>\n<\/div>\n<\/div>\n\n\n\n<div class=\"wp-block-group alignfull hostinger-ai-our-services-2 hostinger-ai-fade-up has-light-background-color has-background is-layout-flow wp-block-group-is-layout-flow\" data-aos=\"fade-up\" style=\"margin-bottom:0;padding-top:var(--wp--preset--spacing--60);padding-right:var(--wp--preset--spacing--50);padding-bottom:var(--wp--preset--spacing--60);padding-left:var(--wp--preset--spacing--50)\">\n<div class=\"wp-block-columns is-layout-flex wp-container-core-columns-is-layout-28f84493 wp-block-columns-is-layout-flex\">\n<div class=\"wp-block-column is-layout-flow wp-block-column-is-layout-flow\" style=\"padding-right:0;padding-left:0\">\n<h3 class=\"wp-block-heading has-prompt-font-family\" id=\"instagrid-one-nesiojama-baterija-visur-ir-visada-\ufffc\">Instagrid One- ne\u0161iojama baterija visur ir visada!<font _mstmutation=\"1\"><\/font><\/h3>\n\n\n\n<p class=\"has-text-align-left has-prompt-font-family\"><strong><a href=\"https:\/\/dorankis.lt\/instagrid\/\" data-type=\"page\" data-id=\"238\">Instagrid <\/a><\/strong>produktai, tai modernus sprendimas kasdieniams j\u016bs\u0173 poreikiams. L<font _mstmutation=\"1\" _msttexthash=\"68572491\" _msthash=\"880\">engvas, visi\u0161kai be emisijos ir u\u017etikrinantis stabil\u0173 elektros energijos tiekim\u0105.&nbsp;<\/font><\/p>\n\n\n\n<p class=\"has-prompt-font-family\">Puikiai tinka <strong>vidaus ir lauko renginiams, kemperiams, jachtoms,&nbsp;statyboms, film\u0173 ir TV k\u016brimui, gyvai garso aparat\u016brai bei avarin\u0117ms energijos tiekimo situacijoms.<\/strong><\/p>\n\n\n\n<h3 class=\"wp-block-heading has-color-3-color has-text-color has-link-color wp-elements-49053371ec79b9a430e3ec2f2b36e7d6\" id=\"naujiena-instagrid-go-resq\" style=\"font-size:clamp(14.642px, 0.915rem + ((1vw - 3.2px) * 0.896), 22px);\"><strong><a href=\"https:\/\/dorankis.lt\/instagrid-go-resq\/\" data-type=\"page\" data-id=\"2667\">Naujiena Instagrid GO RESQ<\/a><\/strong><\/h3>\n\n\n\n<p><strong><a href=\"https:\/\/dorankis.lt\/instagrid-go-resq\/\" data-type=\"page\" data-id=\"2667\">Instagrid GO RESQ<\/a><\/strong> \u2013 mobilus ir patikimas 3,6 kW elektros \u0161altinis gelb\u0117jimo tarnyboms, gaisrininkams ir ekstremalioms situacijoms. Itin lengvas (21 kg), atsparus dulk\u0117ms ir vandeniui (IP65), \u012fkraunamas per &lt;2 val., u\u017etikrina iki 18 kW pikin\u0119 gali\u0105. Tinka panardinamiems siurbliams, dronams ar ventiliatoriams \u2013 kai reikia greitos ir patikimos pagalbos be tinklo prijungimo<\/p>\n\n\n\n<div class=\"wp-block-buttons is-layout-flex wp-block-buttons-is-layout-flex\">\n<div class=\"wp-block-button is-style-outline is-style-outline--1\"><a class=\"wp-block-button__link has-border-color has-prompt-font-family wp-element-button\" href=\"https:\/\/dorankis.lt\/instagrid\/\" style=\"border-color:#472500c2;border-width:5px;border-radius:5px\" target=\"_blank\" rel=\"noreferrer noopener\">Su\u017einokite daugiau apie Instagrid<\/a><\/div>\n<\/div>\n<\/div>\n\n\n\n<div class=\"wp-block-column is-vertically-aligned-center is-layout-flow wp-block-column-is-layout-flow\">\n<figure class=\"wp-block-image size-large is-resized\"><a href=\"https:\/\/dorankis.lt\/instagrid\/\"><img decoding=\"async\" width=\"1024\" height=\"256\" src=\"https:\/\/dorankis.lt\/wp-content\/uploads\/2025\/02\/Instagrid_Logotype_Color-1024x256.png\" alt=\"Instagrid\" class=\"wp-image-396\" style=\"width:300px\" srcset=\"https:\/\/dorankis.lt\/wp-content\/uploads\/2025\/02\/Instagrid_Logotype_Color-1024x256.png 1024w, https:\/\/dorankis.lt\/wp-content\/uploads\/2025\/02\/Instagrid_Logotype_Color-600x150.png 600w, https:\/\/dorankis.lt\/wp-content\/uploads\/2025\/02\/Instagrid_Logotype_Color-300x75.png 300w, https:\/\/dorankis.lt\/wp-content\/uploads\/2025\/02\/Instagrid_Logotype_Color-768x192.png 768w, https:\/\/dorankis.lt\/wp-content\/uploads\/2025\/02\/Instagrid_Logotype_Color-1536x384.png 1536w, https:\/\/dorankis.lt\/wp-content\/uploads\/2025\/02\/Instagrid_Logotype_Color.png 2000w\" sizes=\"(max-width: 1024px) 100vw, 1024px\" \/><\/a><\/figure>\n<\/div>\n<\/div>\n<\/div>\n\n\n\n<div class=\"wp-block-group alignfull hostinger-ai-solid-block hostinger-ai-fade-up has-color-1-background-color has-background has-global-padding is-layout-constrained wp-block-group-is-layout-constrained\" data-aos=\"fade-up\" style=\"padding-top:var(--wp--preset--spacing--30);padding-bottom:var(--wp--preset--spacing--30)\">\n<div class=\"wp-block-group alignwide hostinger-ai-fade-up is-vertical is-content-justification-center is-nowrap is-layout-flex wp-container-core-group-is-layout-4cc6ee0a wp-block-group-is-layout-flex\" data-aos=\"fade-up\" style=\"min-height:0px;padding-top:0;padding-bottom:0\">\n<div class=\"wp-block-group hostinger-ai-fade-up wp-container-content-69bc4bdf has-global-padding is-content-justification-center is-layout-constrained wp-container-core-group-is-layout-78267832 wp-block-group-is-layout-constrained\" data-aos=\"fade-up\">\n<div class=\"wp-block-buttons is-content-justification-center is-layout-flex wp-container-core-buttons-is-layout-a89b3969 wp-block-buttons-is-layout-flex\">\n<div class=\"wp-block-button hostinger-ai-cta-button is-style-outline is-style-outline--2\"><a class=\"wp-block-button__link has-dark-color has-contrast-background-color has-text-color has-background has-link-color has-border-color has-dark-border-color has-prompt-font-family has-medium-font-size has-custom-font-size wp-element-button\" href=\"https:\/\/dorankis.lt\/kontaktai\/\" style=\"padding-top:var(--wp--preset--spacing--30);padding-right:var(--wp--preset--spacing--70);padding-bottom:var(--wp--preset--spacing--30);padding-left:var(--wp--preset--spacing--70)\">Susisiekite<\/a><\/div>\n<\/div>\n<\/div>\n<\/div>\n<\/div>\n\n\n\n<div class=\"wp-block-group alignfull hostinger-ai-our-services-2 hostinger-ai-fade-up has-light-background-color has-background is-layout-flow wp-block-group-is-layout-flow\" data-aos=\"fade-up\" style=\"margin-bottom:0;padding-top:var(--wp--preset--spacing--60);padding-right:0;padding-bottom:var(--wp--preset--spacing--60);padding-left:0\">\n<div class=\"wp-block-columns is-layout-flex wp-container-core-columns-is-layout-28f84493 wp-block-columns-is-layout-flex\">\n<div class=\"wp-block-column is-layout-flow wp-block-column-is-layout-flow\" style=\"padding-right:var(--wp--preset--spacing--50);padding-left:var(--wp--preset--spacing--50)\">\n<h3 class=\"wp-block-heading has-prompt-font-family\" id=\"instagrid-link-nepertraukiamos-elektros-energijos-sistema-\ufffc\">Instagrid Link &#8211; nepertraukiamos elektros energijos sistema!<font _mstmutation=\"1\"><\/font><\/h3>\n\n\n\n<p class=\"has-text-align-left has-prompt-font-family\"><strong><a href=\"https:\/\/dorankis.lt\/instagrid-link-ir-link-max\/\" data-type=\"link\" data-id=\"https:\/\/dorankis.lt\/instagrid-link-ir-link-max\/\">Instagrid Link<\/a><\/strong> &#8211; tai sprendimas, leid\u017eiantis nepertraukiamai naudotis elektros energija vis\u0105 dien\u0105. Jis suteikia galimyb\u0119 prijungti iki trij\u0173 kart\u0173 daugiau <strong>Instagrid One<\/strong> baterij\u0173 ir taip padidinti sistemos gali\u0105.<\/p>\n\n\n\n<p><strong>Naujiena:<br><a href=\"https:\/\/dorankis.lt\/instagrid-link-ir-link-max\/\">Instagrid LINK MAX<\/a><\/strong> \u2013 tai ypa\u010d mobilus 400 V trifazis maitinimo sprendimas. Sujungus tris \u201eInstagrid ONE\u201c \u012frenginius, gaunama iki <strong>54 kW galia<\/strong>, tinkama net sud\u0117tingiausiai \u012frangai. <\/p>\n\n\n\n<p>Lengvai perne\u0161amas, paprastas prijungti (\u201eplug and play\u201c) \u2013 idealiai tinka statyb\u0173 objektams ir kitoms vietoms, kur reikalinga patikima trifaz\u0117 elektra.<\/p>\n<\/div>\n\n\n\n<div class=\"wp-block-column is-layout-flow wp-block-column-is-layout-flow\">\n<figure class=\"wp-block-image size-full is-resized is-style-default\"><a href=\"https:\/\/dorankis.lt\/instagrid-link-ir-link-max\/\"><img decoding=\"async\" width=\"600\" height=\"600\" src=\"https:\/\/dorankis.lt\/wp-content\/uploads\/2025\/04\/THE_FIRST_AND_ONLY_PROFESSIONAL0_600x.webp\" alt=\"Instagrid Energijos sprendimai\" class=\"wp-image-942\" style=\"width:350px;height:auto\" srcset=\"https:\/\/dorankis.lt\/wp-content\/uploads\/2025\/04\/THE_FIRST_AND_ONLY_PROFESSIONAL0_600x.webp 600w, https:\/\/dorankis.lt\/wp-content\/uploads\/2025\/04\/THE_FIRST_AND_ONLY_PROFESSIONAL0_600x-300x300.webp 300w, https:\/\/dorankis.lt\/wp-content\/uploads\/2025\/04\/THE_FIRST_AND_ONLY_PROFESSIONAL0_600x-100x100.webp 100w, https:\/\/dorankis.lt\/wp-content\/uploads\/2025\/04\/THE_FIRST_AND_ONLY_PROFESSIONAL0_600x-416x416.webp 416w, https:\/\/dorankis.lt\/wp-content\/uploads\/2025\/04\/THE_FIRST_AND_ONLY_PROFESSIONAL0_600x-150x150.webp 150w\" sizes=\"(max-width: 600px) 100vw, 600px\" \/><\/a><figcaption class=\"wp-element-caption\"><strong>Instagrid Energijos sprendimai<\/strong><\/figcaption><\/figure>\n\n\n\n<figure class=\"wp-block-image size-large is-resized\"><a href=\"https:\/\/dorankis.lt\/instagrid-link-ir-link-max\/\"><img decoding=\"async\" width=\"1024\" height=\"683\" src=\"https:\/\/dorankis.lt\/wp-content\/uploads\/2025\/09\/LinkMAX__DSC5264-NEF-DxO_DeepPRIME_XD2-1024x683.webp\" alt=\"Instagrid Link Max\" class=\"wp-image-2645\" style=\"width:350px\" srcset=\"https:\/\/dorankis.lt\/wp-content\/uploads\/2025\/09\/LinkMAX__DSC5264-NEF-DxO_DeepPRIME_XD2-1024x683.webp 1024w, https:\/\/dorankis.lt\/wp-content\/uploads\/2025\/09\/LinkMAX__DSC5264-NEF-DxO_DeepPRIME_XD2-300x200.webp 300w, https:\/\/dorankis.lt\/wp-content\/uploads\/2025\/09\/LinkMAX__DSC5264-NEF-DxO_DeepPRIME_XD2-768x512.webp 768w, https:\/\/dorankis.lt\/wp-content\/uploads\/2025\/09\/LinkMAX__DSC5264-NEF-DxO_DeepPRIME_XD2-1536x1024.webp 1536w, https:\/\/dorankis.lt\/wp-content\/uploads\/2025\/09\/LinkMAX__DSC5264-NEF-DxO_DeepPRIME_XD2-2048x1366.webp 2048w, https:\/\/dorankis.lt\/wp-content\/uploads\/2025\/09\/LinkMAX__DSC5264-NEF-DxO_DeepPRIME_XD2-18x12.webp 18w\" sizes=\"(max-width: 1024px) 100vw, 1024px\" \/><\/a><\/figure>\n<\/div>\n<\/div>\n\n\n\n<div class=\"wp-block-columns is-layout-flex wp-container-core-columns-is-layout-28f84493 wp-block-columns-is-layout-flex\">\n<div class=\"wp-block-column is-layout-flow wp-block-column-is-layout-flow\" style=\"flex-basis:100%\">\n<div class=\"wp-block-columns is-layout-flex wp-container-core-columns-is-layout-28f84493 wp-block-columns-is-layout-flex\">\n<div class=\"wp-block-column is-layout-flow wp-block-column-is-layout-flow\" style=\"flex-basis:100%\">\n<div class=\"wp-block-group has-global-padding is-layout-constrained wp-block-group-is-layout-constrained\">\n<p class=\"has-text-align-center has-prompt-font-family\">Su\u017einokite daugiau apie <strong><a href=\"https:\/\/instagrid.co\/\" target=\"_blank\" data-type=\"link\" data-id=\"https:\/\/instagrid.co\/\" rel=\"noreferrer noopener\">Instagrid<\/a><\/strong><\/p>\n<\/div>\n<\/div>\n<\/div>\n<\/div>\n<\/div>\n<\/div>\n\n\n\n<p><\/p>\n","protected":false},"excerpt":{"rendered":"<p>M\u016bsu rekomenduojami produktai Ensto &#8211; apsaugos nuo \u0161al\u010dio sprendimai Ensto &#8211; sprendimai nuo u\u017e\u0161alimo ENSTO Frost Protection sprendimai patikimais ir efektyviais \u0161ildymo kabeliais apsaugo j\u016bs\u0173 turt\u0105 nuo \u0161al\u010dio poveikio. Tai lengvas, patikimas ir ekonomi\u0161kas b\u016bdas i\u0161vengti \u017eiemos problem\u0173: u\u017e\u0161alusi\u0173 vamzd\u017ei\u0173, slid\u017ei\u0173 laipt\u0173 ar stog\u0173. Ensto Building Systems sprendimai I\u0161man\u016bs ap\u0161vietimo jungtukai LEGRAND &#8211; kokybi\u0161ki jungikliai [&hellip;]<\/p>\n","protected":false},"author":1,"featured_media":0,"parent":0,"menu_order":0,"comment_status":"closed","ping_status":"closed","template":"","meta":{"footnotes":""},"class_list":["post-5","page","type-page","status-publish","hentry"],"_hostinger_reach_plugin_has_subscription_block":false,"_hostinger_reach_plugin_is_elementor":false,"_links":{"self":[{"href":"https:\/\/dorankis.lt\/lt_lt\/wp-json\/wp\/v2\/pages\/5","targetHints":{"allow":["GET"]}}],"collection":[{"href":"https:\/\/dorankis.lt\/lt_lt\/wp-json\/wp\/v2\/pages"}],"about":[{"href":"https:\/\/dorankis.lt\/lt_lt\/wp-json\/wp\/v2\/types\/page"}],"author":[{"embeddable":true,"href":"https:\/\/dorankis.lt\/lt_lt\/wp-json\/wp\/v2\/users\/1"}],"replies":[{"embeddable":true,"href":"https:\/\/dorankis.lt\/lt_lt\/wp-json\/wp\/v2\/comments?post=5"}],"version-history":[{"count":173,"href":"https:\/\/dorankis.lt\/lt_lt\/wp-json\/wp\/v2\/pages\/5\/revisions"}],"predecessor-version":[{"id":2682,"href":"https:\/\/dorankis.lt\/lt_lt\/wp-json\/wp\/v2\/pages\/5\/revisions\/2682"}],"wp:attachment":[{"href":"https:\/\/dorankis.lt\/lt_lt\/wp-json\/wp\/v2\/media?parent=5"}],"curies":[{"name":"wp","href":"https:\/\/api.w.org\/{rel}","templated":true}]}}