{"id":2301,"date":"2025-09-22T13:39:31","date_gmt":"2025-09-22T11:39:31","guid":{"rendered":"https:\/\/dorankis.lt\/?page_id=2301"},"modified":"2025-09-22T18:19:21","modified_gmt":"2025-09-22T16:19:21","slug":"elektros-prekes","status":"publish","type":"page","link":"https:\/\/dorankis.lt\/lt_lt\/elektros-prekes\/","title":{"rendered":"Elektros prek\u0117s"},"content":{"rendered":"\n<div class=\"wp-block-group is-layout-flow wp-block-group-is-layout-flow\">\n<div class=\"wp-block-rank-math-toc-block\" style=\"padding-right:0;padding-left:0\" id=\"rank-math-toc\"><h2>Elektros prek\u0117s &#8211; MB Dorankis<\/h2><nav><ul><li class=\"\"><a href=\"#\ud83d\udd27-kodel-verta-rinktis-is-asortimento-elektros-prekes\">\ud83d\udd27 Kod\u0117l verta rinktis i\u0161 asortimento &#8211; elektros prek\u0117s?<\/a><\/li><li class=\"\"><a href=\"#\ud83d\uded2-platus-asortimentas\">\ud83d\uded2 Platus asortimentas<\/a><\/li><li class=\"\"><a href=\"#\ud83d\udca1-ekspertu-patarimai\">\ud83d\udca1 Ekspert\u0173 patarimai<\/a><\/li><li class=\"\"><a href=\"#\ud83c\udf31-tvarumas-ir-atsakomybe\">\ud83c\udf31 Tvarumas ir atsakomyb\u0117<\/a><\/li><li class=\"\"><a href=\"#\ud83d\udca1-ekspertu-patarimai-1\">\ud83c\udfaf Kod\u0117l mes?<\/a><\/li><li class=\"\"><a href=\"#\ud83c\udf31-tvarumas-ir-atsakomybe-2\">\ud83d\udd39 Atraskite skirtum\u0105<\/a><\/li><li class=\"\"><a href=\"#\ud83d\udca1-ekspertu-patarimai-1-1\">Elektros instaliacijos med\u017eiagos \u2013 patikima instaliacija j\u016bs\u0173 namams<\/a><\/li><li class=\"\"><a href=\"#\ud83c\udf31-tvarumas-ir-atsakomybe-2-2\">\ud83d\udccb Planuokite prie\u0161 \u012fsigydami<\/a><\/li><li class=\"\"><a href=\"#\ud83d\udca1-ekspertu-patarimai-1-1-1\">\ud83d\udca1 Konsultacijos su profesionalais<\/a><\/li><li class=\"\"><a href=\"#\ud83c\udf31-tvarumas-ir-atsakomybe-2-2-2\">\ud83c\udfc6 Kokybi\u0161kos elektros prek\u0117s tik i\u0161 patikim\u0173 gamintoj\u0173<\/a><\/li><li class=\"\"><a href=\"#\ud83d\udca1-ekspertu-patarimai-1-1-1-1-1\">\ud83d\udd27 Elektros instaliacijos prek\u0117s kasdieniam naudojimui<\/a><\/li><li class=\"\"><a href=\"#puiki-kokybe-ilgalaikiai-sprendimai\">Puiki kokyb\u0117 &#8211; ilgalaikiai sprendimai<\/a><\/li><li class=\"\"><a href=\"#kontaktai\">Kontaktai<\/a><\/li><li class=\"\"><a href=\"#daugiau-informacijos\">Daugiau informacijos<\/a><\/li><\/ul><\/nav><\/div>\n<\/div>\n\n\n\n<div class=\"wp-block-group has-global-padding is-layout-constrained wp-block-group-is-layout-constrained\">\n<p>\u26a1 Atraskite patikimas <strong>elektros prekes<\/strong> savo namams ir verslui \u26a1<\/p>\n<\/div>\n\n\n\n<div class=\"wp-block-group alignfull hostinger-ai-our-services-2 hostinger-ai-fade-up is-layout-flow wp-container-core-group-is-layout-91585241 wp-block-group-is-layout-flow\" data-aos=\"fade-up\" style=\"margin-bottom:0;padding-top:var(--wp--preset--spacing--50);padding-right:var(--wp--preset--spacing--40);padding-bottom:var(--wp--preset--spacing--50);padding-left:var(--wp--preset--spacing--40)\">\n<div class=\"wp-block-columns is-layout-flex wp-container-core-columns-is-layout-954ec4bb wp-block-columns-is-layout-flex\" style=\"border-right-color:var(--wp--preset--color--black);padding-right:var(--wp--preset--spacing--40);padding-left:var(--wp--preset--spacing--40)\">\n<div class=\"wp-block-column is-layout-flow wp-block-column-is-layout-flow\">\n<h3 class=\"wp-block-heading\" id=\"\ud83d\udd27-kodel-verta-rinktis-is-asortimento-elektros-prekes\">\ud83d\udd27 Kod\u0117l verta rinktis i\u0161 asortimento &#8211; <strong>elektros prek\u0117s<\/strong>?<\/h3>\n\n\n\n<ul class=\"wp-block-list\">\n<li><strong>Patikimumas<\/strong> \u2013 visos <strong>elektros prek\u0117s<\/strong> veikia nepriekai\u0161tingai net sud\u0117tingiausiomis s\u0105lygomis.<\/li>\n\n\n\n<li><strong>Inovacijos<\/strong> \u2013 nuolat diegiame naujausias technologijas, kad <strong>elektros prek\u0117s<\/strong> b\u016bt\u0173 modernios ir efektyvios.<\/li>\n\n\n\n<li><strong>Ilgaam\u017ei\u0161kumas<\/strong> \u2013 m\u016bs\u0173 <strong>elektros prek\u0117s<\/strong> tarnaus ilgai, taupant j\u016bs\u0173 laik\u0105 ir pinigus.<\/li>\n\n\n\n<li><strong>Saugumas<\/strong> \u2013 visos <strong>elektros prek\u0117s<\/strong> atitinka grie\u017etus standartus ir sertifikatus.<\/li>\n<\/ul>\n<\/div>\n\n\n\n<div class=\"wp-block-column is-layout-flow wp-block-column-is-layout-flow\" style=\"border-left-color:var(--wp--preset--color--color-1);padding-right:var(--wp--preset--spacing--40);padding-left:var(--wp--preset--spacing--40)\">\n<h3 class=\"wp-block-heading\" id=\"\ud83d\uded2-platus-asortimentas\">\ud83d\uded2 Platus asortimentas<\/h3>\n\n\n\n<p>M\u016bs\u0173 kataloge rasite \u012fvairias <strong>elektros prekes<\/strong>:<\/p>\n\n\n\n<ul class=\"wp-block-list\">\n<li>Nam\u0173 \u012frangai \u2013 nuo jungikli\u0173 ir lizd\u0173 iki i\u0161mani\u0173j\u0173 sistem\u0173.<\/li>\n\n\n\n<li>Pramon\u0117s sprendimams \u2013 auk\u0161tos kokyb\u0117s <strong>elektros prek\u0117s<\/strong> sud\u0117tingiems projektams.<\/li>\n\n\n\n<li>Ekologi\u0161ki sprendimai \u2013 energij\u0105 taupan\u010dios <strong>elektros prek\u0117s<\/strong>, ma\u017einan\u010dios s\u0105skaitas u\u017e elektr\u0105.<\/li>\n\n\n\n<li>I\u0161manios technologijos \u2013 <strong>elektros prek\u0117s<\/strong>, suderinamos su smart home sprendimais.<\/li>\n<\/ul>\n\n\n\n<p>Visos <strong>elektros prek\u0117s<\/strong> parinktos taip, kad atitikt\u0173 skirting\u0173 projekt\u0173 reikalavimus ir suteikt\u0173 maksimal\u0173 komfort\u0105.<\/p>\n<\/div>\n<\/div>\n<\/div>\n\n\n\n<div class=\"wp-block-group alignfull hostinger-ai-our-services-2 hostinger-ai-fade-up is-layout-flow wp-block-group-is-layout-flow\" data-aos=\"fade-up\" style=\"margin-bottom:0;padding-top:var(--wp--preset--spacing--60);padding-right:var(--wp--preset--spacing--40);padding-bottom:var(--wp--preset--spacing--60);padding-left:var(--wp--preset--spacing--40)\">\n<div class=\"wp-block-columns is-layout-flex wp-container-core-columns-is-layout-954ec4bb wp-block-columns-is-layout-flex\" style=\"padding-right:var(--wp--preset--spacing--40);padding-left:var(--wp--preset--spacing--40)\">\n<div class=\"wp-block-column is-layout-flow wp-block-column-is-layout-flow\">\n<h3 class=\"wp-block-heading\" id=\"\ud83d\udca1-ekspertu-patarimai\">\ud83d\udca1 Ekspert\u0173 patarimai<\/h3>\n\n\n\n<p>M\u016bs\u0173 komanda ne tik parduoda <strong>elektros prekes<\/strong>, bet ir teikia profesionalias konsultacijas. Mes padedame Jums:<\/p>\n\n\n\n<ul class=\"wp-block-list\">\n<li>Parinkamos tinkamiausios <strong>elektros prek\u0117s<\/strong> pagal j\u016bs\u0173 poreikius.<\/li>\n\n\n\n<li>Suplanuojamas energijos vartojimo efektyvumas ir pateikiam technin\u0117 dokumentacija .<\/li>\n\n\n\n<li>Konsultuojama apie saug\u0173 \u012frengini\u0173 naudojim\u0105.<\/li>\n<\/ul>\n<\/div>\n\n\n\n<div class=\"wp-block-column is-layout-flow wp-block-column-is-layout-flow\" style=\"border-left-color:var(--wp--preset--color--color-1);padding-right:var(--wp--preset--spacing--40);padding-left:var(--wp--preset--spacing--40)\">\n<h3 class=\"wp-block-heading\" id=\"\ud83c\udf31-tvarumas-ir-atsakomybe\">\ud83c\udf31 Tvarumas ir atsakomyb\u0117<\/h3>\n\n\n\n<p>Naudodami m\u016bs\u0173 <strong>elektros prekes<\/strong>, j\u016bs:<\/p>\n\n\n\n<ul class=\"wp-block-list\">\n<li>Taupote laik\u0105 ir pinigus.<\/li>\n\n\n\n<li>Gaunate ilgalaik\u012f sprendim\u0105 su auk\u0161ta kokybe.<\/li>\n\n\n\n<li>Prisidedate prie tvaraus energijos naudojimo.<\/li>\n\n\n\n<li>Kurkite aplink\u0105, kuri saugo gamt\u0105 ir \u017emogaus gerov\u0119.<\/li>\n<\/ul>\n<\/div>\n<\/div>\n<\/div>\n\n\n\n<div class=\"wp-block-group alignfull hostinger-ai-our-services-2 hostinger-ai-fade-up is-layout-flow wp-block-group-is-layout-flow\" data-aos=\"fade-up\" style=\"margin-bottom:0;padding-top:var(--wp--preset--spacing--60);padding-right:var(--wp--preset--spacing--40);padding-bottom:var(--wp--preset--spacing--60);padding-left:var(--wp--preset--spacing--40)\">\n<div class=\"wp-block-columns is-layout-flex wp-container-core-columns-is-layout-e11a2142 wp-block-columns-is-layout-flex\" style=\"padding-right:var(--wp--preset--spacing--40);padding-left:var(--wp--preset--spacing--40)\">\n<div class=\"wp-block-column is-layout-flow wp-block-column-is-layout-flow\">\n<h3 class=\"wp-block-heading\" id=\"\ud83d\udca1-ekspertu-patarimai-1\">\ud83c\udfaf Kod\u0117l mes?<\/h3>\n\n\n\n<p>Pasirinkdami m\u016bs\u0173 <strong>elektros prekes<\/strong>, j\u016bs gaunate ne tik produkt\u0105, bet ir patikim\u0105 partner\u012f. M\u016bs\u0173 ilgamet\u0117 patirtis u\u017etikrina, kad visos <strong>elektros prek\u0117s<\/strong> b\u016bt\u0173 patikrintos, kokybi\u0161kos ir atitint\u0173 \u0161iuolaikinius standartus.<\/p>\n\n\n\n<p>Visada ie\u0161kome nauj\u0173 sprendim\u0173, kad <strong>elektros prek\u0117s<\/strong> b\u016bt\u0173 dar efektyvesn\u0117s ir modernesn\u0117s.<\/p>\n\n\n\n<p>Profesional\u016bs patarimai visada \u0161alia.<\/p>\n\n\n\n<p>Atsakingas po\u017ei\u016bris \u012f klient\u0105 ir aplink\u0105.<\/p>\n\n\n\n<p><strong>Elektros prek\u0117s<\/strong>&nbsp;\u0161iandien yra neatsiejama kiekvieno modernaus namo ir biuro dalis. M\u016bs\u0173 \u012fmon\u0117 si\u016blo tik auk\u0161\u010diausios kokyb\u0117s sprendimus, kurie u\u017etikrina komfort\u0105, saugum\u0105 ir efektyv\u0173 energijos naudojim\u0105. Kiekviena&nbsp;<strong>elektros prek\u0117s<\/strong>&nbsp;detal\u0117 kruop\u0161\u010diai atrinkta, kad patenkint\u0173 tiek profesional\u0173, tiek individuali\u0173 vartotoj\u0173 poreikius.<\/p>\n<\/div>\n\n\n\n<div class=\"wp-block-column is-layout-flow wp-block-column-is-layout-flow\" style=\"border-left-color:var(--wp--preset--color--color-1);padding-right:var(--wp--preset--spacing--40);padding-left:var(--wp--preset--spacing--40)\">\n<h3 class=\"wp-block-heading\" id=\"\ud83c\udf31-tvarumas-ir-atsakomybe-2\">\ud83d\udd39 Atraskite skirtum\u0105<\/h3>\n\n\n\n<p>M\u016bs\u0173 tikslas \u2013 ne tik parduoti <strong>elektros prekes<\/strong>, bet ir suteikti reali\u0105 naud\u0105 klientams. Kiekviena detal\u0117 kurta atsakingai, kad j\u016bs gal\u0117tum\u0117te d\u017eiaugtis saugia, patogia ir modernia aplinka namuose ar biure.<\/p>\n\n\n\n<ul class=\"wp-block-list\">\n<li>Komfortas \u2705<\/li>\n\n\n\n<li>Saugi energija \u26a1<\/li>\n\n\n\n<li>Inovacijos \ud83d\ude80<\/li>\n\n\n\n<li>Ilgaam\u017ei\u0161kumas \u23f3<\/li>\n<\/ul>\n\n\n\n<p>Visos m\u016bs\u0173 <strong>elektros prek\u0117s<\/strong> \u2013 tai daugiau nei \u012frenginiai ar med\u017eiagos. Tai sprendimai, kurie padeda jums gyventi patogiau, efektyviau ir tvariau.<\/p>\n<\/div>\n<\/div>\n<\/div>\n\n\n\n<figure class=\"wp-block-image size-large\"><img decoding=\"async\" width=\"683\" height=\"1024\" src=\"https:\/\/dorankis.lt\/wp-content\/uploads\/2025\/08\/elektros-prekes-Dorankis-683x1024.jpg\" alt=\"Elektros prek\u0117s - MB Doranksi\" class=\"wp-image-1733\" srcset=\"https:\/\/dorankis.lt\/wp-content\/uploads\/2025\/08\/elektros-prekes-Dorankis-683x1024.jpg 683w, https:\/\/dorankis.lt\/wp-content\/uploads\/2025\/08\/elektros-prekes-Dorankis-600x900.jpg 600w, https:\/\/dorankis.lt\/wp-content\/uploads\/2025\/08\/elektros-prekes-Dorankis-200x300.jpg 200w, https:\/\/dorankis.lt\/wp-content\/uploads\/2025\/08\/elektros-prekes-Dorankis-768x1152.jpg 768w, https:\/\/dorankis.lt\/wp-content\/uploads\/2025\/08\/elektros-prekes-Dorankis.jpg 1024w\" sizes=\"(max-width: 683px) 100vw, 683px\" \/><\/figure>\n\n\n\n<div class=\"wp-block-group alignfull hostinger-ai-our-services-2 hostinger-ai-fade-up is-layout-flow wp-block-group-is-layout-flow\" data-aos=\"fade-up\" style=\"margin-bottom:0;padding-top:var(--wp--preset--spacing--60);padding-right:var(--wp--preset--spacing--40);padding-bottom:var(--wp--preset--spacing--60);padding-left:var(--wp--preset--spacing--40)\">\n<div class=\"wp-block-columns is-layout-flex wp-container-core-columns-is-layout-e11a2142 wp-block-columns-is-layout-flex\" style=\"padding-right:var(--wp--preset--spacing--40);padding-left:var(--wp--preset--spacing--40)\">\n<div class=\"wp-block-column is-layout-flow wp-block-column-is-layout-flow\">\n<h3 class=\"wp-block-heading\" id=\"\ud83d\udca1-ekspertu-patarimai-1-1\">Elektros instaliacijos med\u017eiagos \u2013 patikima instaliacija j\u016bs\u0173 namams<\/h3>\n\n\n\n<p>Elektros instliacijos med\u017eiagos \u2013 tai viskas, ko reikia saugiai ir patikimai elektros instaliacijai:<\/p>\n\n\n\n<ul class=\"wp-block-list\">\n<li>Kabeliai ir laidai<\/li>\n\n\n\n<li>Instaliaciniai elementai<\/li>\n\n\n\n<li>Skydai<\/li>\n\n\n\n<li>\u0160viestuvai bei kiti \u012frenginiai \u2705<\/li>\n<\/ul>\n\n\n\n<p><strong>Patarimas:<\/strong> Netinkamos elektros prek\u0117s gali sukelti problem\u0173, tod\u0117l jas b\u016btina rinktis atsakingai. Kokybi\u0161kos elektros prek\u0117s atitinka visuotinius standartus ir u\u017etikrina ilgalaik\u012f veikim\u0105.<\/p>\n\n\n\n<p><\/p>\n\n\n\n<p><\/p>\n<\/div>\n\n\n\n<div class=\"wp-block-column is-layout-flow wp-block-column-is-layout-flow\" style=\"border-left-color:var(--wp--preset--color--color-1);padding-right:var(--wp--preset--spacing--40);padding-left:var(--wp--preset--spacing--40)\">\n<h3 class=\"wp-block-heading\" id=\"\ud83c\udf31-tvarumas-ir-atsakomybe-2-2\">\ud83d\udccb Planuokite prie\u0161 \u012fsigydami<\/h3>\n\n\n\n<p>Prie\u0161 prad\u0117dami darbus, apskai\u010diuokite, kiek ir koki\u0173 elektros preki\u0173 reik\u0117s \u26a1. Kruop\u0161tus planavimas padeda:<\/p>\n\n\n\n<ul class=\"wp-block-list\">\n<li>I\u0161vengti klaid\u0173<\/li>\n\n\n\n<li>Taupyti laik\u0105 ir pinigus<\/li>\n\n\n\n<li>\u017dinoti, kurios elektros prek\u0117s yra b\u016btinos<\/li>\n<\/ul>\n\n\n\n<p><strong>Patogus patarimas:<\/strong> Paruo\u0161kite preliminar\u0173 elektros instaliacijos plan\u0105, nurodydami naudojam\u0173 prietais\u0173 ir ap\u0161vietimo vietas.<\/p>\n\n\n\n<p><\/p>\n<\/div>\n<\/div>\n<\/div>\n\n\n\n<div class=\"wp-block-group alignfull hostinger-ai-our-services-2 hostinger-ai-fade-up is-layout-flow wp-block-group-is-layout-flow\" data-aos=\"fade-up\" style=\"margin-bottom:0;padding-top:var(--wp--preset--spacing--60);padding-right:var(--wp--preset--spacing--40);padding-bottom:var(--wp--preset--spacing--60);padding-left:var(--wp--preset--spacing--40)\">\n<div class=\"wp-block-columns is-layout-flex wp-container-core-columns-is-layout-e11a2142 wp-block-columns-is-layout-flex\" style=\"padding-right:var(--wp--preset--spacing--40);padding-left:var(--wp--preset--spacing--40)\">\n<div class=\"wp-block-column is-layout-flow wp-block-column-is-layout-flow\">\n<h3 class=\"wp-block-heading\" id=\"\ud83d\udca1-ekspertu-patarimai-1-1-1\">\ud83d\udca1 Konsultacijos su profesionalais<\/h3>\n\n\n\n<p>Net jei planuojate darbus atlikti savaranki\u0161kai, pasitarkite su specialistais. Elektros prek\u0117s net tos pa\u010dios kategorijos gali skirtis technin\u0117mis savyb\u0117mis \u26a1.<\/p>\n\n\n\n<p><strong>Konsultacijos su profesionalais padeda:<\/strong><\/p>\n\n\n\n<ul class=\"wp-block-list\">\n<li>Teisingai pasirinkti elektros prekes<\/li>\n\n\n\n<li>I\u0161vengti nesuderinam\u0173 komponent\u0173<\/li>\n\n\n\n<li>U\u017etikrinti skland\u017ei\u0105 instaliacij\u0105<\/li>\n<\/ul>\n\n\n\n<div class=\"wp-block-buttons is-layout-flex wp-block-buttons-is-layout-flex\">\n<div class=\"wp-block-button\"><a class=\"wp-block-button__link wp-element-button\" href=\"https:\/\/dorankis.lt\/kontaktai-elektros-prekes\/\">Susisiekite su m\u016bs\u0173 ekspertais<\/a><\/div>\n<\/div>\n\n\n\n<p><\/p>\n\n\n\n<p><\/p>\n<\/div>\n\n\n\n<div class=\"wp-block-column is-layout-flow wp-block-column-is-layout-flow\" style=\"border-left-color:var(--wp--preset--color--color-1);padding-right:var(--wp--preset--spacing--40);padding-left:var(--wp--preset--spacing--40)\">\n<h3 class=\"wp-block-heading\" id=\"\ud83c\udf31-tvarumas-ir-atsakomybe-2-2-2\">\ud83c\udfc6 Kokybi\u0161kos elektros prek\u0117s tik i\u0161 patikim\u0173 gamintoj\u0173<\/h3>\n\n\n\n<p>Renkantis elektros prekes, verta investuoti \u012f \u017einom\u0173 gamintoj\u0173 gaminius \u2705. Net vizualiai pana\u0161ios elektros \u012frangos prek\u0117s gali skirtis kokybe.<\/p>\n\n\n\n<p><strong>Kokybi\u0161ki produktai u\u017etikrina:<\/strong><\/p>\n\n\n\n<ul class=\"wp-block-list\">\n<li>Saugum\u0105<\/li>\n\n\n\n<li>Ilgalaik\u012f veikim\u0105<\/li>\n\n\n\n<li>Patikim\u0105 darb\u0105 \u26a1<\/li>\n<\/ul>\n\n\n\n<blockquote class=\"wp-block-quote is-layout-flow wp-block-quote-is-layout-flow\">\n<p><strong>Legrand <\/strong>produktai tai kokyb\u0117s garantas. Papildomai rinkit\u0117s vandeniui ir ugniai atsparias elektros prekes \ud83d\udca1, kad suma\u017eintum\u0117te rizik\u0105.<\/p>\n<\/blockquote>\n<\/div>\n<\/div>\n<\/div>\n\n\n\n<div class=\"wp-block-group alignfull hostinger-ai-our-services-2 hostinger-ai-fade-up is-layout-flow wp-block-group-is-layout-flow\" data-aos=\"fade-up\" style=\"margin-bottom:0;padding-top:var(--wp--preset--spacing--60);padding-right:var(--wp--preset--spacing--40);padding-bottom:var(--wp--preset--spacing--60);padding-left:var(--wp--preset--spacing--40)\">\n<div class=\"wp-block-columns is-layout-flex wp-container-core-columns-is-layout-e11a2142 wp-block-columns-is-layout-flex\" style=\"padding-right:var(--wp--preset--spacing--40);padding-left:var(--wp--preset--spacing--40)\">\n<div class=\"wp-block-column is-layout-flow wp-block-column-is-layout-flow\">\n<h3 class=\"wp-block-heading\" id=\"\ud83d\udca1-ekspertu-patarimai-1-1-1-1-1\">\ud83d\udd27 Elektros instaliacijos prek\u0117s kasdieniam naudojimui<\/h3>\n\n\n\n<p>Elektros prek\u0117s reikalingos ne tik instaliacijai, bet ir kasdieniam naudojimui. Tinkamai parinktos elektros prek\u0117s u\u017etikrina:<\/p>\n\n\n\n<ul class=\"wp-block-list\">\n<li>Saugum\u0105 \u2705<\/li>\n\n\n\n<li>Patikimum\u0105<\/li>\n\n\n\n<li>Ilgalaik\u0119 eksploatacij\u0105 \u26a1<\/li>\n<\/ul>\n\n\n\n<p><strong>Platus Legrand asortimentas vienoje vietoje:<\/strong><\/p>\n\n\n\n<ul class=\"wp-block-list\">\n<li>Visi reikiami gaminiai patogiai ir greitai<\/li>\n\n\n\n<li>Auk\u0161ta kokyb\u0117 u\u017etikrina saug\u0173 naudojim\u0105<\/li>\n<\/ul>\n\n\n\n<div class=\"wp-block-buttons is-layout-flex wp-block-buttons-is-layout-flex\">\n<div class=\"wp-block-button\"><a class=\"wp-block-button__link wp-element-button\" href=\"https:\/\/dorankis.lt\/parduotuve\/\">Per\u017ei\u016br\u0117ti elektros prekes<\/a><\/div>\n<\/div>\n\n\n\n<p><\/p>\n<\/div>\n\n\n\n<div class=\"wp-block-column is-layout-flow wp-block-column-is-layout-flow\" style=\"border-left-color:var(--wp--preset--color--color-1);padding-right:var(--wp--preset--spacing--40);padding-left:var(--wp--preset--spacing--40)\">\n<p class=\"has-prompt-font-family\">Elektros prek\u0117s yra visos prek\u0117s,&nbsp;<strong>susijusios su elektros energijos tiekimu, paskirstymu, naudojimu ir saugumu<\/strong>.&nbsp;Tai apima \u012fvairius gaminius, nuo laid\u0173 ir ki\u0161tukini\u0173 lizd\u0173 iki elektros skyd\u0173 ir valdymo \u012frangos.&nbsp;<\/p>\n\n\n\n<p class=\"has-prompt-font-family\">Trumpai tariant, tai yra viskas, kas naudojama elektros instaliacijai, energijos tiekimui ir jos saugiam naudojimui.&nbsp;<\/p>\n\n\n\n<p class=\"has-prompt-font-family\">Pla\u010diau, elektros prek\u0117s gali b\u016bti skirstomos \u012f \u0161ias kategorijas:<\/p>\n\n\n\n<ul class=\"wp-block-list\">\n<li class=\"has-prompt-font-family\"><strong>Elektros instaliacijos med\u017eiagos:<\/strong>&nbsp;laidai, kabeliai, instaliaciniai vamzd\u017eiai, jungikliai, ki\u0161tukiniai lizdai, r\u0117meliai, skydai, movos, gnybtai ir kt.<\/li>\n\n\n\n<li class=\"has-prompt-font-family\"><strong>Elektros \u012franga:<\/strong>&nbsp;elektros skaitikliai, transformatoriai, saugikliai, automatikos sistemos, rel\u0117s, kontaktoriai, \u012f\u017eeminimo elementai, \u017eaibosauga ir kt.<\/li>\n\n\n\n<li class=\"has-prompt-font-family\"><strong>Ap\u0161vietimo technika:<\/strong>&nbsp;lempos, \u0161viestuvai, lemput\u0117s, \u012fvair\u016bs ap\u0161vietimo priedai.<\/li>\n\n\n\n<li class=\"has-prompt-font-family\"><strong>Elektros prietaisai:<\/strong>&nbsp;buitin\u0117 technika, elektronika, \u012frankiai, darbo \u012frenginiai, kurie veikia su elektra.<\/li>\n\n\n\n<li class=\"has-prompt-font-family\"><strong>Apsaugos priemon\u0117s:<\/strong>&nbsp;saugos grandin\u0117s, nuot\u0117kio srov\u0117s r\u0117l\u0117s, \u012f\u017eeminimo \u012franga ir kt.&nbsp;<\/li>\n<\/ul>\n\n\n\n<p class=\"has-prompt-font-family\">Elektros prek\u0117s yra svarbios tiek nam\u0173 <\/p>\n<\/div>\n<\/div>\n<\/div>\n","protected":false},"excerpt":{"rendered":"<p>\u26a1 Atraskite patikimas elektros prekes savo namams ir verslui \u26a1 \ud83d\udd27 Kod\u0117l verta rinktis i\u0161 asortimento &#8211; elektros prek\u0117s? \ud83d\uded2 Platus asortimentas M\u016bs\u0173 kataloge rasite \u012fvairias elektros prekes: Visos elektros prek\u0117s parinktos taip, kad atitikt\u0173 skirting\u0173 projekt\u0173 reikalavimus ir suteikt\u0173 maksimal\u0173 komfort\u0105. \ud83d\udca1 Ekspert\u0173 patarimai M\u016bs\u0173 komanda ne tik parduoda elektros prekes, bet ir teikia [&hellip;]<\/p>\n","protected":false},"author":1,"featured_media":0,"parent":0,"menu_order":0,"comment_status":"closed","ping_status":"closed","template":"","meta":{"footnotes":""},"class_list":["post-2301","page","type-page","status-publish","hentry"],"_hostinger_reach_plugin_has_subscription_block":false,"_hostinger_reach_plugin_is_elementor":false,"_links":{"self":[{"href":"https:\/\/dorankis.lt\/lt_lt\/wp-json\/wp\/v2\/pages\/2301","targetHints":{"allow":["GET"]}}],"collection":[{"href":"https:\/\/dorankis.lt\/lt_lt\/wp-json\/wp\/v2\/pages"}],"about":[{"href":"https:\/\/dorankis.lt\/lt_lt\/wp-json\/wp\/v2\/types\/page"}],"author":[{"embeddable":true,"href":"https:\/\/dorankis.lt\/lt_lt\/wp-json\/wp\/v2\/users\/1"}],"replies":[{"embeddable":true,"href":"https:\/\/dorankis.lt\/lt_lt\/wp-json\/wp\/v2\/comments?post=2301"}],"version-history":[{"count":8,"href":"https:\/\/dorankis.lt\/lt_lt\/wp-json\/wp\/v2\/pages\/2301\/revisions"}],"predecessor-version":[{"id":2419,"href":"https:\/\/dorankis.lt\/lt_lt\/wp-json\/wp\/v2\/pages\/2301\/revisions\/2419"}],"wp:attachment":[{"href":"https:\/\/dorankis.lt\/lt_lt\/wp-json\/wp\/v2\/media?parent=2301"}],"curies":[{"name":"wp","href":"https:\/\/api.w.org\/{rel}","templated":true}]}}